{"id":999980,"date":"2026-03-21T16:13:48","date_gmt":"2026-03-21T16:13:48","guid":{"rendered":"https:\/\/linkvista.me\/blog\/"},"modified":"2026-03-21T16:26:18","modified_gmt":"2026-03-21T16:26:18","slug":"blog","status":"publish","type":"page","link":"https:\/\/linkvista.me\/fr\/blog\/","title":{"rendered":"Blog"},"content":{"rendered":"<p><div class=\"et_d4_element et_pb_section et_pb_section_0 et_pb_with_background  et_pb_css_mix_blend_mode et_section_regular et_block_section\" >\n\t\t\t\t\n\t\t\t\t\n\t\t\t\t\n\t\t\t\t\n\t\t\t\t\n\t\t\t\t\n\t\t\t\t<div class=\"et_d4_element et_pb_row et_pb_row_0  et_pb_css_mix_blend_mode et_block_row\">\n\t\t\t\t<div class=\"et_d4_element et_pb_column_4_4 et_pb_column et_pb_column_0  et_pb_css_mix_blend_mode et-last-child et_block_column\">\n\t\t\t\t\n\t\t\t\t\n\t\t\t\t\n\t\t\t\t\n\t\t\t\t<div class=\"et_pb_module et_d4_element et_pb_text et_pb_text_0  et_pb_text_align_center et_pb_bg_layout_light\">\n\t\t\t\t\n\t\t\t\t\n\t\t\t\t\n\t\t\t\t\n\t\t\t\t<div class=\"et_pb_text_inner\"><h1>Blog<\/h1><\/div>\n\t\t\t<\/div>\n\t\t\t<\/div>\n\t\t\t\t\n\t\t\t\t\n\t\t\t\t\n\t\t\t\t\n\t\t\t<\/div><div class=\"et_d4_element et_pb_row et_pb_row_1  et_pb_css_mix_blend_mode et_block_row\">\n\t\t\t\t<div class=\"et_d4_element et_pb_column_4_4 et_pb_column et_pb_column_1  et_pb_css_mix_blend_mode et-last-child et_block_column\">\n\t\t\t\t\n\t\t\t\t\n\t\t\t\t\n\t\t\t\t\n\t\t\t\t<div class=\"et_pb_module et_d4_element et_pb_post_slider et_pb_post_slider_0  et_pb_css_mix_blend_mode et_pb_slider et_pb_post_slider_image_left et_pb_slider_fullwidth_off et_pb_slider_with_overlay\">\n\t\t\t\t\n\t\t\t\t\n\t\t\t\t\n\t\t\t\t\n\t\t\t\t<div class=\"et_pb_slides\">\n\t\t\t\t\t\t\t\t\t<div class=\"et_pb_slide et_pb_slide_with_image et_pb_media_alignment_center et_pb_bg_layout_dark et_pb_post_slide-1000089\"  >\n\t\t\t\t\t\t\t\t\t\t\t\t\t<div class=\"et_pb_slide_overlay_container\"><\/div>\n\t\t\t\t\t\t\t\t<div class=\"et_pb_container clearfix\">\n\t\t\t\t\t<div class=\"et_pb_slider_container_inner\">\n\t\t\t\t\t\t\t\t\t\t\t\t\t<div class=\"et_pb_slide_image\">\n\t\t\t\t\t\t\t\t<img loading=\"lazy\" decoding=\"async\" width=\"1200\" height=\"630\" src=\"https:\/\/linkvista.me\/wp-content\/uploads\/2026\/04\/influencer-cover.png\" class=\"attachment-post-thumbnail size-post-thumbnail wp-post-image\" alt=\"Best Link in Bio Tool for Influencers 2026 \u2014 LinkVista\" srcset=\"https:\/\/linkvista.me\/wp-content\/uploads\/2026\/04\/influencer-cover.png 1200w, https:\/\/linkvista.me\/wp-content\/uploads\/2026\/04\/influencer-cover-980x515.png 980w, https:\/\/linkvista.me\/wp-content\/uploads\/2026\/04\/influencer-cover-480x252.png 480w\" sizes=\"(min-width: 0px) and (max-width: 480px) 480px, (min-width: 481px) and (max-width: 980px) 980px, (min-width: 981px) 1200px, 100vw\" \/>\t\t\t\t\t\t\t<\/div>\n\t\t\t\t\t\t\t\t\t\t\t\t<div class=\"et_pb_slide_description\">\n\t\t\t\t\t\t\t\t\t\t\t\t\t\t\t<h2 class=\"et_pb_slide_title\"><a href=\"https:\/\/linkvista.me\/fr\/meilleur-outil-lien-bio-influenceurs-2026\/\">Meilleur Outil Lien Bio pour les Influenceurs en 2026 (Comparaison Honn\u00eate)<\/a><\/h2>\n\t\t\t\t\t\t\t\t<div class=\"et_pb_slide_content\n\t\t\t\t\t\t\t\t\t\t\t\t\t\t\t\t\">\n\t\t\t\t\t\t\t\t\t<p class=\"post-meta\">par <span class=\"author vcard\"><a href=\"https:\/\/linkvista.me\/fr\/author\/cavetech\/\" title=\"Articles par cavetech\" rel=\"author\">cavetech<\/a><\/span> | <span class=\"published\">avril 2, 2026<\/span> | <a href=\"https:\/\/linkvista.me\/category\/comparisons\/\" rel=\"category tag\">Comparisons<\/a>, <a href=\"https:\/\/linkvista.me\/category\/creator-tools\/\" rel=\"category tag\">Creator Tools<\/a> | 0 Commentaires<\/p><div><p>Quel est le meilleur outil lien bio pour les influenceurs en 2026 ? Comparatif complet des fonctionnalit\u00e9s, prix et facilit\u00e9 d'utilisation.<\/p>\n<\/div>\t\t\t\t\t\t\t\t<\/div>\n\t\t\t\t\t\t\t\t\t\t\t\t\t\t<div class=\"et_pb_button_wrapper\"><a class=\"et_pb_button et_pb_more_button\" href=\"https:\/\/linkvista.me\/fr\/meilleur-outil-lien-bio-influenceurs-2026\/\">Lire plus<\/a><\/div>\t\t\t\t\t\t<\/div>\n\t\t\t\t\t\t\t\t\t\t\t<\/div>\n\t\t\t\t<\/div>\n\t\t\t<\/div>\n\t\t\t\t\t\t\t\t<div class=\"et_pb_slide et_pb_slide_with_image et_pb_media_alignment_center et_pb_bg_layout_dark et_pb_post_slide-1000063\"  >\n\t\t\t\t\t\t\t\t\t\t\t\t\t<div class=\"et_pb_slide_overlay_container\"><\/div>\n\t\t\t\t\t\t\t\t<div class=\"et_pb_container clearfix\">\n\t\t\t\t\t<div class=\"et_pb_slider_container_inner\">\n\t\t\t\t\t\t\t\t\t\t\t\t\t<div class=\"et_pb_slide_image\">\n\t\t\t\t\t\t\t\t<img loading=\"lazy\" decoding=\"async\" width=\"1200\" height=\"630\" src=\"https:\/\/linkvista.me\/wp-content\/uploads\/2026\/03\/cover.png\" class=\"attachment-post-thumbnail size-post-thumbnail wp-post-image\" alt=\"Como os maiores influencers do Brasil gerenciam seus links \u2014 LinkVista\" srcset=\"https:\/\/linkvista.me\/wp-content\/uploads\/2026\/03\/cover.png 1200w, https:\/\/linkvista.me\/wp-content\/uploads\/2026\/03\/cover-980x515.png 980w, https:\/\/linkvista.me\/wp-content\/uploads\/2026\/03\/cover-480x252.png 480w\" sizes=\"(min-width: 0px) and (max-width: 480px) 480px, (min-width: 481px) and (max-width: 980px) 980px, (min-width: 981px) 1200px, 100vw\" \/>\t\t\t\t\t\t\t<\/div>\n\t\t\t\t\t\t\t\t\t\t\t\t<div class=\"et_pb_slide_description\">\n\t\t\t\t\t\t\t\t\t\t\t\t\t\t\t<h2 class=\"et_pb_slide_title\"><a href=\"https:\/\/linkvista.me\/fr\/comment-influenceurs-bresil-gerent-liens\/\">Comment les Plus Grands Influenceurs du Br\u00e9sil G\u00e8rent Leurs Liens (Et Comment Vous Pouvez Faire de M\u00eame Aujourd&rsquo;hui, Gratuitement)<\/a><\/h2>\n\t\t\t\t\t\t\t\t<div class=\"et_pb_slide_content\n\t\t\t\t\t\t\t\t\t\t\t\t\t\t\t\t\">\n\t\t\t\t\t\t\t\t\t<p class=\"post-meta\">par <span class=\"author vcard\"><a href=\"https:\/\/linkvista.me\/fr\/author\/cavetech\/\" title=\"Articles par cavetech\" rel=\"author\">cavetech<\/a><\/span> | <span class=\"published\">mars 27, 2026<\/span> | <a href=\"https:\/\/linkvista.me\/category\/creator-tools\/\" rel=\"category tag\">Creator Tools<\/a>, <a href=\"https:\/\/linkvista.me\/category\/tutorials\/\" rel=\"category tag\">Tutorials<\/a> | 0 Commentaires<\/p><div><p>D\u00e9couvrez comment les plus grands cr\u00e9ateurs de contenu du Br\u00e9sil g\u00e8rent tous leurs liens en un seul endroit \u2014 et comment vous pouvez faire de m\u00eame, gratuitement, en 5 minutes.<\/p>\n<\/div>\t\t\t\t\t\t\t\t<\/div>\n\t\t\t\t\t\t\t\t\t\t\t\t\t\t<div class=\"et_pb_button_wrapper\"><a class=\"et_pb_button et_pb_more_button\" href=\"https:\/\/linkvista.me\/fr\/comment-influenceurs-bresil-gerent-liens\/\">Lire plus<\/a><\/div>\t\t\t\t\t\t<\/div>\n\t\t\t\t\t\t\t\t\t\t\t<\/div>\n\t\t\t\t<\/div>\n\t\t\t<\/div>\n\t\t\t\t\t\t\t\t<div class=\"et_pb_slide et_pb_slide_with_image et_pb_media_alignment_center et_pb_bg_layout_dark et_pb_post_slide-1000021\"  >\n\t\t\t\t\t\t\t\t\t\t\t\t\t<div class=\"et_pb_slide_overlay_container\"><\/div>\n\t\t\t\t\t\t\t\t<div class=\"et_pb_container clearfix\">\n\t\t\t\t\t<div class=\"et_pb_slider_container_inner\">\n\t\t\t\t\t\t\t\t\t\t\t\t\t<div class=\"et_pb_slide_image\">\n\t\t\t\t\t\t\t\t<img loading=\"lazy\" decoding=\"async\" width=\"620\" height=\"325\" src=\"https:\/\/linkvista.me\/wp-content\/uploads\/2026\/03\/Image1.png\" class=\"attachment-post-thumbnail size-post-thumbnail wp-post-image\" alt=\"\" srcset=\"https:\/\/linkvista.me\/wp-content\/uploads\/2026\/03\/Image1.png 620w, https:\/\/linkvista.me\/wp-content\/uploads\/2026\/03\/Image1-480x252.png 480w\" sizes=\"(min-width: 0px) and (max-width: 480px) 480px, (min-width: 481px) 620px, 100vw\" \/>\t\t\t\t\t\t\t<\/div>\n\t\t\t\t\t\t\t\t\t\t\t\t<div class=\"et_pb_slide_description\">\n\t\t\t\t\t\t\t\t\t\t\t\t\t\t\t<h2 class=\"et_pb_slide_title\"><a href=\"https:\/\/linkvista.me\/fr\/lien-bio-pour-instagram-tiktok-et-youtube-tout-ce-dont-vous-avez-besoin-2026\/\">Lien Bio pour Instagram, TikTok et YouTube : Tout ce Dont Vous Avez Besoin (2026)<\/a><\/h2>\n\t\t\t\t\t\t\t\t<div class=\"et_pb_slide_content\n\t\t\t\t\t\t\t\t\t\t\t\t\t\t\t\t\">\n\t\t\t\t\t\t\t\t\t<p class=\"post-meta\">par <span class=\"author vcard\"><a href=\"https:\/\/linkvista.me\/fr\/author\/cavetech\/\" title=\"Articles par cavetech\" rel=\"author\">cavetech<\/a><\/span> | <span class=\"published\">mars 23, 2026<\/span> | <a href=\"https:\/\/linkvista.me\/category\/tutorials\/\" rel=\"category tag\">Tutorials<\/a> | 0 Commentaires<\/p><div><p>Guide complet du lien bio pour Instagram, TikTok et YouTube en 2026. Une seule page pour toutes vos plateformes. Outil gratuit inclus.<\/p>\n<\/div>\t\t\t\t\t\t\t\t<\/div>\n\t\t\t\t\t\t\t\t\t\t\t\t\t\t<div class=\"et_pb_button_wrapper\"><a class=\"et_pb_button et_pb_more_button\" href=\"https:\/\/linkvista.me\/fr\/lien-bio-pour-instagram-tiktok-et-youtube-tout-ce-dont-vous-avez-besoin-2026\/\">Lire plus<\/a><\/div>\t\t\t\t\t\t<\/div>\n\t\t\t\t\t\t\t\t\t\t\t<\/div>\n\t\t\t\t<\/div>\n\t\t\t<\/div>\n\t\t\t\t\t\t\t\t<div class=\"et_pb_slide et_pb_slide_with_image et_pb_media_alignment_center et_pb_bg_layout_dark et_pb_post_slide-999964\"  >\n\t\t\t\t\t\t\t\t\t\t\t\t\t<div class=\"et_pb_slide_overlay_container\"><\/div>\n\t\t\t\t\t\t\t\t<div class=\"et_pb_container clearfix\">\n\t\t\t\t\t<div class=\"et_pb_slider_container_inner\">\n\t\t\t\t\t\t\t\t\t\t\t\t\t<div class=\"et_pb_slide_image\">\n\t\t\t\t\t\t\t\t<img decoding=\"async\" src=\"https:\/\/linkvista.me\/wp-content\/uploads\/2026\/03\/linkvista_blog_cover_instagram_links.svg\" class=\"attachment-post-thumbnail size-post-thumbnail wp-post-image\" alt=\"\" \/>\t\t\t\t\t\t\t<\/div>\n\t\t\t\t\t\t\t\t\t\t\t\t<div class=\"et_pb_slide_description\">\n\t\t\t\t\t\t\t\t\t\t\t\t\t\t\t<h2 class=\"et_pb_slide_title\"><a href=\"https:\/\/linkvista.me\/fr\/comment-mettre-plusieurs-liens-dans-sa-bio-instagram-guide-2026\/\">Comment mettre plusieurs liens dans sa bio Instagram (Guide 2026)<\/a><\/h2>\n\t\t\t\t\t\t\t\t<div class=\"et_pb_slide_content\n\t\t\t\t\t\t\t\t\t\t\t\t\t\t\t\t\">\n\t\t\t\t\t\t\t\t\t<p class=\"post-meta\">par <span class=\"author vcard\"><a href=\"https:\/\/linkvista.me\/fr\/author\/cavetech\/\" title=\"Articles par cavetech\" rel=\"author\">cavetech<\/a><\/span> | <span class=\"published\">mars 21, 2026<\/span> | <a href=\"https:\/\/linkvista.me\/fr\/category\/reseaux-sociaux\/\" rel=\"category tag\">R\u00e9seaux sociaux<\/a>, <a href=\"https:\/\/linkvista.me\/fr\/category\/tutoriels\/\" rel=\"category tag\">Tutoriels<\/a> | 0 Commentaires<\/p><div>Instagram n'autorise qu'un seul lien cliquable dans la bio. Si vous \u00eates cr\u00e9ateur, musicien, entrepreneur ou influenceur, ce lien unique devient rapidement un frein \u2014 vous voulez partager votre YouTube, votre boutique, votre newsletter, votre dernier projet, en m\u00eame...<\/div>\t\t\t\t\t\t\t\t<\/div>\n\t\t\t\t\t\t\t\t\t\t\t\t\t\t<div class=\"et_pb_button_wrapper\"><a class=\"et_pb_button et_pb_more_button\" href=\"https:\/\/linkvista.me\/fr\/comment-mettre-plusieurs-liens-dans-sa-bio-instagram-guide-2026\/\">Lire plus<\/a><\/div>\t\t\t\t\t\t<\/div>\n\t\t\t\t\t\t\t\t\t\t\t<\/div>\n\t\t\t\t<\/div>\n\t\t\t<\/div>\n\t\t\t\t\n\t\t\t\t<\/div>\n\t\t\t\t\n\t\t\t<\/div>\n\t\t\t\n\t\t\t<\/div>\n\t\t\t\t\n\t\t\t\t\n\t\t\t\t\n\t\t\t\t\n\t\t\t<\/div>\n\t\t\t\t\n\t\t\t\t\n\t\t\t<\/div><div class=\"et_d4_element et_pb_section et_pb_section_1 et_pb_with_background  et_pb_css_mix_blend_mode et_section_regular et_block_section\" >\n\t\t\t\t\n\t\t\t\t\n\t\t\t\t\n\t\t\t\t\n\t\t\t\t\n\t\t\t\t\n\t\t\t\t<div class=\"et_d4_element et_pb_row et_pb_row_2  et_pb_css_mix_blend_mode et_block_row\">\n\t\t\t\t<div class=\"et_d4_element et_pb_column_4_4 et_pb_column et_pb_column_2  et_pb_css_mix_blend_mode et-last-child et_block_column\">\n\t\t\t\t\n\t\t\t\t\n\t\t\t\t\n\t\t\t\t\n\t\t\t\t<div class=\"et_pb_with_border et_pb_module et_d4_element et_pb_blog_0  et_pb_css_mix_blend_mode et_pb_blog_grid_wrapper et_pb_bg_layout_light\">\n\t\t\t\t\t<div class=\"et_pb_blog_grid clearfix \">\n\t\t\t\t\t\n\t\t\t\t\t\n\t\t\t\t\t\n\t\t\t\t\t\n\t\t\t\t\t<div class=\"et_pb_ajax_pagination_container\">\n\t\t\t\t\t\t<div class=\"et_pb_salvattore_content\" data-columns>\n\t\t\t<article id=\"post-1000089\" class=\"et_pb_post clearfix et_pb_blog_item_0_0 post-1000089 post type-post status-publish format-standard has-post-thumbnail hentry category-comparisons category-creator-tools\">\n\n\t\t\t\t<div class=\"et_pb_image_container\"><a href=\"https:\/\/linkvista.me\/fr\/meilleur-outil-lien-bio-influenceurs-2026\/\" class=\"entry-featured-image-url\"><img loading=\"lazy\" decoding=\"async\" src=\"https:\/\/linkvista.me\/wp-content\/uploads\/2026\/04\/influencer-cover-400x250.png\" alt=\"Meilleur Outil Lien Bio pour les Influenceurs en 2026 (Comparaison Honn\u00eate)\" class=\"\" srcset=\"https:\/\/linkvista.me\/wp-content\/uploads\/2026\/04\/influencer-cover.png 479w, https:\/\/linkvista.me\/wp-content\/uploads\/2026\/04\/influencer-cover-400x250.png 480w \" sizes=\"(max-width:479px) 479px, 100vw \"  width=\"400\" height=\"250\" \/><\/a><\/div>\n\t\t\t\t\t\t\t\t\t\t\t\t\t\t<h2 class=\"entry-title\">\n\t\t\t\t\t\t\t\t\t\t\t\t\t<a href=\"https:\/\/linkvista.me\/fr\/meilleur-outil-lien-bio-influenceurs-2026\/\">Meilleur Outil Lien Bio pour les Influenceurs en 2026 (Comparaison Honn\u00eate)<\/a>\n\t\t\t\t\t\t\t\t\t\t\t<\/h2>\n\t\t\t\t\n\t\t\t\t\t<p class=\"post-meta\"><span class=\"published\">Avr 2, 2026<\/span><\/p><div class=\"post-content\"><div class=\"post-content-inner\"><p>Quel est le meilleur outil lien bio pour les influenceurs en 2026 ? Comparatif complet des fonctionnalit\u00e9s, prix et facilit\u00e9 d&rsquo;utilisation.<\/p>\n<\/div><\/div>\t\t\t\n\t\t\t<\/article>\n\t\t\t\t\n\t\t\t<article id=\"post-1000063\" class=\"et_pb_post clearfix et_pb_blog_item_0_1 post-1000063 post type-post status-publish format-standard has-post-thumbnail hentry category-creator-tools category-tutorials\">\n\n\t\t\t\t<div class=\"et_pb_image_container\"><a href=\"https:\/\/linkvista.me\/fr\/comment-influenceurs-bresil-gerent-liens\/\" class=\"entry-featured-image-url\"><img loading=\"lazy\" decoding=\"async\" src=\"https:\/\/linkvista.me\/wp-content\/uploads\/2026\/03\/cover-400x250.png\" alt=\"Comment les Plus Grands Influenceurs du Br\u00e9sil G\u00e8rent Leurs Liens (Et Comment Vous Pouvez Faire de M\u00eame Aujourd&rsquo;hui, Gratuitement)\" class=\"\" srcset=\"https:\/\/linkvista.me\/wp-content\/uploads\/2026\/03\/cover.png 479w, https:\/\/linkvista.me\/wp-content\/uploads\/2026\/03\/cover-400x250.png 480w \" sizes=\"(max-width:479px) 479px, 100vw \"  width=\"400\" height=\"250\" \/><\/a><\/div>\n\t\t\t\t\t\t\t\t\t\t\t\t\t\t<h2 class=\"entry-title\">\n\t\t\t\t\t\t\t\t\t\t\t\t\t<a href=\"https:\/\/linkvista.me\/fr\/comment-influenceurs-bresil-gerent-liens\/\">Comment les Plus Grands Influenceurs du Br\u00e9sil G\u00e8rent Leurs Liens (Et Comment Vous Pouvez Faire de M\u00eame Aujourd&rsquo;hui, Gratuitement)<\/a>\n\t\t\t\t\t\t\t\t\t\t\t<\/h2>\n\t\t\t\t\n\t\t\t\t\t<p class=\"post-meta\"><span class=\"published\">Mar 27, 2026<\/span><\/p><div class=\"post-content\"><div class=\"post-content-inner\"><p>D\u00e9couvrez comment les plus grands cr\u00e9ateurs de contenu du Br\u00e9sil g\u00e8rent tous leurs liens en un seul endroit \u2014 et comment vous pouvez faire de m\u00eame, gratuitement, en 5 minutes.<\/p>\n<\/div><\/div>\t\t\t\n\t\t\t<\/article>\n\t\t\t\t\n\t\t\t<article id=\"post-1000021\" class=\"et_pb_post clearfix et_pb_blog_item_0_2 post-1000021 post type-post status-publish format-standard has-post-thumbnail hentry category-tutorials\">\n\n\t\t\t\t<div class=\"et_pb_image_container\"><a href=\"https:\/\/linkvista.me\/fr\/lien-bio-pour-instagram-tiktok-et-youtube-tout-ce-dont-vous-avez-besoin-2026\/\" class=\"entry-featured-image-url\"><img loading=\"lazy\" decoding=\"async\" src=\"https:\/\/linkvista.me\/wp-content\/uploads\/2026\/03\/Image1-400x250.png\" alt=\"Lien Bio pour Instagram, TikTok et YouTube : Tout ce Dont Vous Avez Besoin (2026)\" class=\"\" srcset=\"https:\/\/linkvista.me\/wp-content\/uploads\/2026\/03\/Image1.png 479w, https:\/\/linkvista.me\/wp-content\/uploads\/2026\/03\/Image1-400x250.png 480w \" sizes=\"(max-width:479px) 479px, 100vw \"  width=\"400\" height=\"250\" \/><\/a><\/div>\n\t\t\t\t\t\t\t\t\t\t\t\t\t\t<h2 class=\"entry-title\">\n\t\t\t\t\t\t\t\t\t\t\t\t\t<a href=\"https:\/\/linkvista.me\/fr\/lien-bio-pour-instagram-tiktok-et-youtube-tout-ce-dont-vous-avez-besoin-2026\/\">Lien Bio pour Instagram, TikTok et YouTube : Tout ce Dont Vous Avez Besoin (2026)<\/a>\n\t\t\t\t\t\t\t\t\t\t\t<\/h2>\n\t\t\t\t\n\t\t\t\t\t<p class=\"post-meta\"><span class=\"published\">Mar 23, 2026<\/span><\/p><div class=\"post-content\"><div class=\"post-content-inner\"><p>Guide complet du lien bio pour Instagram, TikTok et YouTube en 2026. Une seule page pour toutes vos plateformes. Outil gratuit inclus.<\/p>\n<\/div><\/div>\t\t\t\n\t\t\t<\/article>\n\t\t\t\t\n\t\t\t<article id=\"post-999964\" class=\"et_pb_post clearfix et_pb_blog_item_0_3 post-999964 post type-post status-publish format-standard has-post-thumbnail hentry category-reseaux-sociaux category-tutoriels\">\n\n\t\t\t\t<div class=\"et_pb_image_container\"><a href=\"https:\/\/linkvista.me\/fr\/comment-mettre-plusieurs-liens-dans-sa-bio-instagram-guide-2026\/\" class=\"entry-featured-image-url\"><img loading=\"lazy\" decoding=\"async\" src=\"https:\/\/linkvista.me\/wp-content\/uploads\/2026\/03\/linkvista_blog_cover_instagram_links.svg\" alt=\"Comment mettre plusieurs liens dans sa bio Instagram (Guide 2026)\" class=\"\" srcset=\"https:\/\/linkvista.me\/wp-content\/uploads\/2026\/03\/linkvista_blog_cover_instagram_links.svg 479w, https:\/\/linkvista.me\/wp-content\/uploads\/2026\/03\/linkvista_blog_cover_instagram_links.svg 480w \" sizes=\"(max-width:479px) 479px, 100vw \"  width=\"400\" height=\"250\" \/><\/a><\/div>\n\t\t\t\t\t\t\t\t\t\t\t\t\t\t<h2 class=\"entry-title\">\n\t\t\t\t\t\t\t\t\t\t\t\t\t<a href=\"https:\/\/linkvista.me\/fr\/comment-mettre-plusieurs-liens-dans-sa-bio-instagram-guide-2026\/\">Comment mettre plusieurs liens dans sa bio Instagram (Guide 2026)<\/a>\n\t\t\t\t\t\t\t\t\t\t\t<\/h2>\n\t\t\t\t\n\t\t\t\t\t<p class=\"post-meta\"><span class=\"published\">Mar 21, 2026<\/span><\/p><div class=\"post-content\"><div class=\"post-content-inner\"><p>Instagram n'autorise qu'un seul lien cliquable dans la bio. Si vous \u00eates cr\u00e9ateur, musicien, entrepreneur ou influenceur, ce lien unique devient rapidement un frein \u2014 vous voulez partager votre YouTube, votre boutique, votre newsletter, votre dernier projet, en m\u00eame...<\/p>\n<\/div><\/div>\t\t\t\n\t\t\t<\/article>\n\t\t\t\t<\/div><div><div class=\"pagination clearfix\">\n\t<div class=\"alignleft\"><\/div>\n\t<div class=\"alignright\"><\/div>\n<\/div><\/div><\/div>\n\t\t\t\t\t<\/div>\n\t\t\t\t\t \n\t\t\t\t<\/div>\n\t\t\t<\/div>\n\t\t\t\t\n\t\t\t\t\n\t\t\t\t\n\t\t\t\t\n\t\t\t<\/div>\n\t\t\t\t\n\t\t\t\t\n\t\t\t<\/div><div class=\"et_d4_element et_pb_section et_pb_section_2 et_pb_with_background  et_pb_css_mix_blend_mode et_section_regular et_block_section\" >\n\t\t\t\t\n\t\t\t\t\n\t\t\t\t\n\t\t\t\t\n\t\t\t\t\n\t\t\t\t\n\t\t\t\t<div class=\"et_d4_element et_pb_row et_pb_row_3  et_pb_css_mix_blend_mode et_block_row\">\n\t\t\t\t<div class=\"et_d4_element et_pb_column_4_4 et_pb_column et_pb_column_3  et_pb_css_mix_blend_mode et-last-child et_block_column et_pb_column_empty\">\n\t\t\t\t\n\t\t\t\t\n\t\t\t\t\n\t\t\t\t\n\t\t\t\t\n\t\t\t<\/div>\n\t\t\t\t\n\t\t\t\t\n\t\t\t\t\n\t\t\t\t\n\t\t\t<\/div>\n\t\t\t\t\n\t\t\t\t\n\t\t\t<\/div><\/p>\n","protected":false},"excerpt":{"rendered":"","protected":false},"author":1,"featured_media":0,"parent":0,"menu_order":77,"comment_status":"closed","ping_status":"closed","template":"","meta":{"_et_pb_use_builder":"on","_et_pb_old_content":"","_et_gb_content_width":"","footnotes":""},"class_list":["post-999980","page","type-page","status-publish","hentry"],"jetpack_sharing_enabled":true,"_links":{"self":[{"href":"https:\/\/linkvista.me\/fr\/wp-json\/wp\/v2\/pages\/999980","targetHints":{"allow":["GET"]}}],"collection":[{"href":"https:\/\/linkvista.me\/fr\/wp-json\/wp\/v2\/pages"}],"about":[{"href":"https:\/\/linkvista.me\/fr\/wp-json\/wp\/v2\/types\/page"}],"author":[{"embeddable":true,"href":"https:\/\/linkvista.me\/fr\/wp-json\/wp\/v2\/users\/1"}],"replies":[{"embeddable":true,"href":"https:\/\/linkvista.me\/fr\/wp-json\/wp\/v2\/comments?post=999980"}],"version-history":[{"count":1,"href":"https:\/\/linkvista.me\/fr\/wp-json\/wp\/v2\/pages\/999980\/revisions"}],"predecessor-version":[{"id":999981,"href":"https:\/\/linkvista.me\/fr\/wp-json\/wp\/v2\/pages\/999980\/revisions\/999981"}],"wp:attachment":[{"href":"https:\/\/linkvista.me\/fr\/wp-json\/wp\/v2\/media?parent=999980"}],"curies":[{"name":"wp","href":"https:\/\/api.w.org\/{rel}","templated":true}]}}