{"id":999983,"date":"2026-03-21T16:13:48","date_gmt":"2026-03-21T16:13:48","guid":{"rendered":"https:\/\/linkvista.me\/blog\/"},"modified":"2026-03-21T16:26:38","modified_gmt":"2026-03-21T16:26:38","slug":"blog","status":"publish","type":"page","link":"https:\/\/linkvista.me\/it\/blog\/","title":{"rendered":"Blog"},"content":{"rendered":"<p><div class=\"et_d4_element et_pb_section et_pb_section_0 et_pb_with_background  et_pb_css_mix_blend_mode et_section_regular et_block_section\" >\n\t\t\t\t\n\t\t\t\t\n\t\t\t\t\n\t\t\t\t\n\t\t\t\t\n\t\t\t\t\n\t\t\t\t<div class=\"et_d4_element et_pb_row et_pb_row_0  et_pb_css_mix_blend_mode et_block_row\">\n\t\t\t\t<div class=\"et_d4_element et_pb_column_4_4 et_pb_column et_pb_column_0  et_pb_css_mix_blend_mode et-last-child et_block_column\">\n\t\t\t\t\n\t\t\t\t\n\t\t\t\t\n\t\t\t\t\n\t\t\t\t<div class=\"et_pb_module et_d4_element et_pb_text et_pb_text_0  et_pb_text_align_center et_pb_bg_layout_light\">\n\t\t\t\t\n\t\t\t\t\n\t\t\t\t\n\t\t\t\t\n\t\t\t\t<div class=\"et_pb_text_inner\"><h1>Blog<\/h1><\/div>\n\t\t\t<\/div>\n\t\t\t<\/div>\n\t\t\t\t\n\t\t\t\t\n\t\t\t\t\n\t\t\t\t\n\t\t\t<\/div><div class=\"et_d4_element et_pb_row et_pb_row_1  et_pb_css_mix_blend_mode et_block_row\">\n\t\t\t\t<div class=\"et_d4_element et_pb_column_4_4 et_pb_column et_pb_column_1  et_pb_css_mix_blend_mode et-last-child et_block_column\">\n\t\t\t\t\n\t\t\t\t\n\t\t\t\t\n\t\t\t\t\n\t\t\t\t<div class=\"et_pb_module et_d4_element et_pb_post_slider et_pb_post_slider_0  et_pb_css_mix_blend_mode et_pb_slider et_pb_post_slider_image_left et_pb_slider_fullwidth_off et_pb_slider_with_overlay\">\n\t\t\t\t\n\t\t\t\t\n\t\t\t\t\n\t\t\t\t\n\t\t\t\t<div class=\"et_pb_slides\">\n\t\t\t\t\t\t\t\t\t<div class=\"et_pb_slide et_pb_slide_with_image et_pb_media_alignment_center et_pb_bg_layout_dark et_pb_post_slide-1000092\"  >\n\t\t\t\t\t\t\t\t\t\t\t\t\t<div class=\"et_pb_slide_overlay_container\"><\/div>\n\t\t\t\t\t\t\t\t<div class=\"et_pb_container clearfix\">\n\t\t\t\t\t<div class=\"et_pb_slider_container_inner\">\n\t\t\t\t\t\t\t\t\t\t\t\t\t<div class=\"et_pb_slide_image\">\n\t\t\t\t\t\t\t\t<img loading=\"lazy\" decoding=\"async\" width=\"1200\" height=\"630\" src=\"https:\/\/linkvista.me\/wp-content\/uploads\/2026\/04\/influencer-cover.png\" class=\"attachment-post-thumbnail size-post-thumbnail wp-post-image\" alt=\"Best Link in Bio Tool for Influencers 2026 \u2014 LinkVista\" srcset=\"https:\/\/linkvista.me\/wp-content\/uploads\/2026\/04\/influencer-cover.png 1200w, https:\/\/linkvista.me\/wp-content\/uploads\/2026\/04\/influencer-cover-980x515.png 980w, https:\/\/linkvista.me\/wp-content\/uploads\/2026\/04\/influencer-cover-480x252.png 480w\" sizes=\"(min-width: 0px) and (max-width: 480px) 480px, (min-width: 481px) and (max-width: 980px) 980px, (min-width: 981px) 1200px, 100vw\" \/>\t\t\t\t\t\t\t<\/div>\n\t\t\t\t\t\t\t\t\t\t\t\t<div class=\"et_pb_slide_description\">\n\t\t\t\t\t\t\t\t\t\t\t\t\t\t\t<h2 class=\"et_pb_slide_title\"><a href=\"https:\/\/linkvista.me\/it\/miglior-strumento-link-bio-influencer-2026\/\">Il Miglior Strumento Link in Bio per Influencer nel 2026 (Confronto Onesto)<\/a><\/h2>\n\t\t\t\t\t\t\t\t<div class=\"et_pb_slide_content\n\t\t\t\t\t\t\t\t\t\t\t\t\t\t\t\t\">\n\t\t\t\t\t\t\t\t\t<p class=\"post-meta\">di <span class=\"author vcard\"><a href=\"https:\/\/linkvista.me\/it\/author\/cavetech\/\" title=\"Articoli Di cavetech\" rel=\"author\">cavetech<\/a><\/span> | <span class=\"published\">Aprile 2, 2026<\/span> | <a href=\"https:\/\/linkvista.me\/category\/comparisons\/\" rel=\"category tag\">Comparisons<\/a>, <a href=\"https:\/\/linkvista.me\/category\/creator-tools\/\" rel=\"category tag\">Creator Tools<\/a> | 0 Commenti<\/p><div><p>Qual \u00e8 il miglior strumento link in bio per influencer nel 2026? Confronto completo di funzionalit\u00e0, prezzi e facilit\u00e0 d'uso.<\/p>\n<\/div>\t\t\t\t\t\t\t\t<\/div>\n\t\t\t\t\t\t\t\t\t\t\t\t\t\t<div class=\"et_pb_button_wrapper\"><a class=\"et_pb_button et_pb_more_button\" href=\"https:\/\/linkvista.me\/it\/miglior-strumento-link-bio-influencer-2026\/\">Leggi di pi\u00f9<\/a><\/div>\t\t\t\t\t\t<\/div>\n\t\t\t\t\t\t\t\t\t\t\t<\/div>\n\t\t\t\t<\/div>\n\t\t\t<\/div>\n\t\t\t\t\t\t\t\t<div class=\"et_pb_slide et_pb_slide_with_image et_pb_media_alignment_center et_pb_bg_layout_dark et_pb_post_slide-1000066\"  >\n\t\t\t\t\t\t\t\t\t\t\t\t\t<div class=\"et_pb_slide_overlay_container\"><\/div>\n\t\t\t\t\t\t\t\t<div class=\"et_pb_container clearfix\">\n\t\t\t\t\t<div class=\"et_pb_slider_container_inner\">\n\t\t\t\t\t\t\t\t\t\t\t\t\t<div class=\"et_pb_slide_image\">\n\t\t\t\t\t\t\t\t<img loading=\"lazy\" decoding=\"async\" width=\"1200\" height=\"630\" src=\"https:\/\/linkvista.me\/wp-content\/uploads\/2026\/03\/cover.png\" class=\"attachment-post-thumbnail size-post-thumbnail wp-post-image\" alt=\"Como os maiores influencers do Brasil gerenciam seus links \u2014 LinkVista\" srcset=\"https:\/\/linkvista.me\/wp-content\/uploads\/2026\/03\/cover.png 1200w, https:\/\/linkvista.me\/wp-content\/uploads\/2026\/03\/cover-980x515.png 980w, https:\/\/linkvista.me\/wp-content\/uploads\/2026\/03\/cover-480x252.png 480w\" sizes=\"(min-width: 0px) and (max-width: 480px) 480px, (min-width: 481px) and (max-width: 980px) 980px, (min-width: 981px) 1200px, 100vw\" \/>\t\t\t\t\t\t\t<\/div>\n\t\t\t\t\t\t\t\t\t\t\t\t<div class=\"et_pb_slide_description\">\n\t\t\t\t\t\t\t\t\t\t\t\t\t\t\t<h2 class=\"et_pb_slide_title\"><a href=\"https:\/\/linkvista.me\/it\/come-influencer-brasile-gestiscono-link\/\">Come i Pi\u00f9 Grandi Influencer del Brasile Gestiscono i Loro Link (E Come Puoi Farlo Anche Tu Oggi, Gratis)<\/a><\/h2>\n\t\t\t\t\t\t\t\t<div class=\"et_pb_slide_content\n\t\t\t\t\t\t\t\t\t\t\t\t\t\t\t\t\">\n\t\t\t\t\t\t\t\t\t<p class=\"post-meta\">di <span class=\"author vcard\"><a href=\"https:\/\/linkvista.me\/it\/author\/cavetech\/\" title=\"Articoli Di cavetech\" rel=\"author\">cavetech<\/a><\/span> | <span class=\"published\">Marzo 27, 2026<\/span> | <a href=\"https:\/\/linkvista.me\/category\/creator-tools\/\" rel=\"category tag\">Creator Tools<\/a>, <a href=\"https:\/\/linkvista.me\/category\/tutorials\/\" rel=\"category tag\">Tutorials<\/a> | 0 Commenti<\/p><div><p>Scopri come i pi\u00f9 grandi creator del Brasile gestiscono tutti i loro link in un unico posto \u2014 e come puoi fare lo stesso, gratis, in 5 minuti.<\/p>\n<\/div>\t\t\t\t\t\t\t\t<\/div>\n\t\t\t\t\t\t\t\t\t\t\t\t\t\t<div class=\"et_pb_button_wrapper\"><a class=\"et_pb_button et_pb_more_button\" href=\"https:\/\/linkvista.me\/it\/come-influencer-brasile-gestiscono-link\/\">Leggi di pi\u00f9<\/a><\/div>\t\t\t\t\t\t<\/div>\n\t\t\t\t\t\t\t\t\t\t\t<\/div>\n\t\t\t\t<\/div>\n\t\t\t<\/div>\n\t\t\t\t\t\t\t\t<div class=\"et_pb_slide et_pb_slide_with_image et_pb_media_alignment_center et_pb_bg_layout_dark et_pb_post_slide-1000027\"  >\n\t\t\t\t\t\t\t\t\t\t\t\t\t<div class=\"et_pb_slide_overlay_container\"><\/div>\n\t\t\t\t\t\t\t\t<div class=\"et_pb_container clearfix\">\n\t\t\t\t\t<div class=\"et_pb_slider_container_inner\">\n\t\t\t\t\t\t\t\t\t\t\t\t\t<div class=\"et_pb_slide_image\">\n\t\t\t\t\t\t\t\t<img loading=\"lazy\" decoding=\"async\" width=\"620\" height=\"325\" src=\"https:\/\/linkvista.me\/wp-content\/uploads\/2026\/03\/Image1.png\" class=\"attachment-post-thumbnail size-post-thumbnail wp-post-image\" alt=\"\" srcset=\"https:\/\/linkvista.me\/wp-content\/uploads\/2026\/03\/Image1.png 620w, https:\/\/linkvista.me\/wp-content\/uploads\/2026\/03\/Image1-480x252.png 480w\" sizes=\"(min-width: 0px) and (max-width: 480px) 480px, (min-width: 481px) 620px, 100vw\" \/>\t\t\t\t\t\t\t<\/div>\n\t\t\t\t\t\t\t\t\t\t\t\t<div class=\"et_pb_slide_description\">\n\t\t\t\t\t\t\t\t\t\t\t\t\t\t\t<h2 class=\"et_pb_slide_title\"><a href=\"https:\/\/linkvista.me\/it\/link-in-bio-per-instagram-tiktok-e-youtube-tutto-quello-che-ti-serve-2026\/\">Link in Bio per Instagram, TikTok e YouTube: Tutto quello che Ti Serve (2026)<\/a><\/h2>\n\t\t\t\t\t\t\t\t<div class=\"et_pb_slide_content\n\t\t\t\t\t\t\t\t\t\t\t\t\t\t\t\t\">\n\t\t\t\t\t\t\t\t\t<p class=\"post-meta\">di <span class=\"author vcard\"><a href=\"https:\/\/linkvista.me\/it\/author\/cavetech\/\" title=\"Articoli Di cavetech\" rel=\"author\">cavetech<\/a><\/span> | <span class=\"published\">Marzo 23, 2026<\/span> | <a href=\"https:\/\/linkvista.me\/category\/tutorials\/\" rel=\"category tag\">Tutorials<\/a> | 0 Commenti<\/p><div><p>Guida completa al link in bio per Instagram, TikTok e YouTube nel 2026. Una sola pagina per tutte le tue piattaforme. Strumento gratuito incluso.<\/p>\n<\/div>\t\t\t\t\t\t\t\t<\/div>\n\t\t\t\t\t\t\t\t\t\t\t\t\t\t<div class=\"et_pb_button_wrapper\"><a class=\"et_pb_button et_pb_more_button\" href=\"https:\/\/linkvista.me\/it\/link-in-bio-per-instagram-tiktok-e-youtube-tutto-quello-che-ti-serve-2026\/\">Leggi di pi\u00f9<\/a><\/div>\t\t\t\t\t\t<\/div>\n\t\t\t\t\t\t\t\t\t\t\t<\/div>\n\t\t\t\t<\/div>\n\t\t\t<\/div>\n\t\t\t\t\t\t\t\t<div class=\"et_pb_slide et_pb_slide_with_image et_pb_media_alignment_center et_pb_bg_layout_dark et_pb_post_slide-999968\"  >\n\t\t\t\t\t\t\t\t\t\t\t\t\t<div class=\"et_pb_slide_overlay_container\"><\/div>\n\t\t\t\t\t\t\t\t<div class=\"et_pb_container clearfix\">\n\t\t\t\t\t<div class=\"et_pb_slider_container_inner\">\n\t\t\t\t\t\t\t\t\t\t\t\t\t<div class=\"et_pb_slide_image\">\n\t\t\t\t\t\t\t\t<img decoding=\"async\" src=\"https:\/\/linkvista.me\/wp-content\/uploads\/2026\/03\/linkvista_blog_cover_instagram_links.svg\" class=\"attachment-post-thumbnail size-post-thumbnail wp-post-image\" alt=\"\" \/>\t\t\t\t\t\t\t<\/div>\n\t\t\t\t\t\t\t\t\t\t\t\t<div class=\"et_pb_slide_description\">\n\t\t\t\t\t\t\t\t\t\t\t\t\t\t\t<h2 class=\"et_pb_slide_title\"><a href=\"https:\/\/linkvista.me\/it\/come-mettere-piu-link-nella-bio-di-instagram-guida-2026\/\">Come Mettere Pi\u00f9 Link nella Bio di Instagram (Guida 2026)<\/a><\/h2>\n\t\t\t\t\t\t\t\t<div class=\"et_pb_slide_content\n\t\t\t\t\t\t\t\t\t\t\t\t\t\t\t\t\">\n\t\t\t\t\t\t\t\t\t<p class=\"post-meta\">di <span class=\"author vcard\"><a href=\"https:\/\/linkvista.me\/it\/author\/cavetech\/\" title=\"Articoli Di cavetech\" rel=\"author\">cavetech<\/a><\/span> | <span class=\"published\">Marzo 21, 2026<\/span> | <a href=\"https:\/\/linkvista.me\/it\/category\/social-media\/\" rel=\"category tag\">Social Media<\/a>, <a href=\"https:\/\/linkvista.me\/it\/category\/tutorial\/\" rel=\"category tag\">Tutorial<\/a> | 0 Commenti<\/p><div>Instagram consente solo un link cliccabile nella bio. Se sei un creator, musicista, imprenditore o influencer, questo unico link diventa rapidamente un limite \u2014 vuoi condividere il tuo YouTube, il tuo negozio, la tua newsletter, il tuo ultimo progetto, tutto allo...<\/div>\t\t\t\t\t\t\t\t<\/div>\n\t\t\t\t\t\t\t\t\t\t\t\t\t\t<div class=\"et_pb_button_wrapper\"><a class=\"et_pb_button et_pb_more_button\" href=\"https:\/\/linkvista.me\/it\/come-mettere-piu-link-nella-bio-di-instagram-guida-2026\/\">Leggi di pi\u00f9<\/a><\/div>\t\t\t\t\t\t<\/div>\n\t\t\t\t\t\t\t\t\t\t\t<\/div>\n\t\t\t\t<\/div>\n\t\t\t<\/div>\n\t\t\t\t\n\t\t\t\t<\/div>\n\t\t\t\t\n\t\t\t<\/div>\n\t\t\t\n\t\t\t<\/div>\n\t\t\t\t\n\t\t\t\t\n\t\t\t\t\n\t\t\t\t\n\t\t\t<\/div>\n\t\t\t\t\n\t\t\t\t\n\t\t\t<\/div><div class=\"et_d4_element et_pb_section et_pb_section_1 et_pb_with_background  et_pb_css_mix_blend_mode et_section_regular et_block_section\" >\n\t\t\t\t\n\t\t\t\t\n\t\t\t\t\n\t\t\t\t\n\t\t\t\t\n\t\t\t\t\n\t\t\t\t<div class=\"et_d4_element et_pb_row et_pb_row_2  et_pb_css_mix_blend_mode et_block_row\">\n\t\t\t\t<div class=\"et_d4_element et_pb_column_4_4 et_pb_column et_pb_column_2  et_pb_css_mix_blend_mode et-last-child et_block_column\">\n\t\t\t\t\n\t\t\t\t\n\t\t\t\t\n\t\t\t\t\n\t\t\t\t<div class=\"et_pb_with_border et_pb_module et_d4_element et_pb_blog_0  et_pb_css_mix_blend_mode et_pb_blog_grid_wrapper et_pb_bg_layout_light\">\n\t\t\t\t\t<div class=\"et_pb_blog_grid clearfix \">\n\t\t\t\t\t\n\t\t\t\t\t\n\t\t\t\t\t\n\t\t\t\t\t\n\t\t\t\t\t<div class=\"et_pb_ajax_pagination_container\">\n\t\t\t\t\t\t<div class=\"et_pb_salvattore_content\" data-columns>\n\t\t\t<article id=\"post-1000092\" class=\"et_pb_post clearfix et_pb_blog_item_0_0 post-1000092 post type-post status-publish format-standard has-post-thumbnail hentry category-comparisons category-creator-tools\">\n\n\t\t\t\t<div class=\"et_pb_image_container\"><a href=\"https:\/\/linkvista.me\/it\/miglior-strumento-link-bio-influencer-2026\/\" class=\"entry-featured-image-url\"><img loading=\"lazy\" decoding=\"async\" src=\"https:\/\/linkvista.me\/wp-content\/uploads\/2026\/04\/influencer-cover-400x250.png\" alt=\"Il Miglior Strumento Link in Bio per Influencer nel 2026 (Confronto Onesto)\" class=\"\" srcset=\"https:\/\/linkvista.me\/wp-content\/uploads\/2026\/04\/influencer-cover.png 479w, https:\/\/linkvista.me\/wp-content\/uploads\/2026\/04\/influencer-cover-400x250.png 480w \" sizes=\"(max-width:479px) 479px, 100vw \"  width=\"400\" height=\"250\" \/><\/a><\/div>\n\t\t\t\t\t\t\t\t\t\t\t\t\t\t<h2 class=\"entry-title\">\n\t\t\t\t\t\t\t\t\t\t\t\t\t<a href=\"https:\/\/linkvista.me\/it\/miglior-strumento-link-bio-influencer-2026\/\">Il Miglior Strumento Link in Bio per Influencer nel 2026 (Confronto Onesto)<\/a>\n\t\t\t\t\t\t\t\t\t\t\t<\/h2>\n\t\t\t\t\n\t\t\t\t\t<p class=\"post-meta\"><span class=\"published\">Apr 2, 2026<\/span><\/p><div class=\"post-content\"><div class=\"post-content-inner\"><p>Qual \u00e8 il miglior strumento link in bio per influencer nel 2026? Confronto completo di funzionalit\u00e0, prezzi e facilit\u00e0 d&#8217;uso.<\/p>\n<\/div><\/div>\t\t\t\n\t\t\t<\/article>\n\t\t\t\t\n\t\t\t<article id=\"post-1000066\" class=\"et_pb_post clearfix et_pb_blog_item_0_1 post-1000066 post type-post status-publish format-standard has-post-thumbnail hentry category-creator-tools category-tutorials\">\n\n\t\t\t\t<div class=\"et_pb_image_container\"><a href=\"https:\/\/linkvista.me\/it\/come-influencer-brasile-gestiscono-link\/\" class=\"entry-featured-image-url\"><img loading=\"lazy\" decoding=\"async\" src=\"https:\/\/linkvista.me\/wp-content\/uploads\/2026\/03\/cover-400x250.png\" alt=\"Come i Pi\u00f9 Grandi Influencer del Brasile Gestiscono i Loro Link (E Come Puoi Farlo Anche Tu Oggi, Gratis)\" class=\"\" srcset=\"https:\/\/linkvista.me\/wp-content\/uploads\/2026\/03\/cover.png 479w, https:\/\/linkvista.me\/wp-content\/uploads\/2026\/03\/cover-400x250.png 480w \" sizes=\"(max-width:479px) 479px, 100vw \"  width=\"400\" height=\"250\" \/><\/a><\/div>\n\t\t\t\t\t\t\t\t\t\t\t\t\t\t<h2 class=\"entry-title\">\n\t\t\t\t\t\t\t\t\t\t\t\t\t<a href=\"https:\/\/linkvista.me\/it\/come-influencer-brasile-gestiscono-link\/\">Come i Pi\u00f9 Grandi Influencer del Brasile Gestiscono i Loro Link (E Come Puoi Farlo Anche Tu Oggi, Gratis)<\/a>\n\t\t\t\t\t\t\t\t\t\t\t<\/h2>\n\t\t\t\t\n\t\t\t\t\t<p class=\"post-meta\"><span class=\"published\">Mar 27, 2026<\/span><\/p><div class=\"post-content\"><div class=\"post-content-inner\"><p>Scopri come i pi\u00f9 grandi creator del Brasile gestiscono tutti i loro link in un unico posto \u2014 e come puoi fare lo stesso, gratis, in 5 minuti.<\/p>\n<\/div><\/div>\t\t\t\n\t\t\t<\/article>\n\t\t\t\t\n\t\t\t<article id=\"post-1000027\" class=\"et_pb_post clearfix et_pb_blog_item_0_2 post-1000027 post type-post status-publish format-standard has-post-thumbnail hentry category-tutorials\">\n\n\t\t\t\t<div class=\"et_pb_image_container\"><a href=\"https:\/\/linkvista.me\/it\/link-in-bio-per-instagram-tiktok-e-youtube-tutto-quello-che-ti-serve-2026\/\" class=\"entry-featured-image-url\"><img loading=\"lazy\" decoding=\"async\" src=\"https:\/\/linkvista.me\/wp-content\/uploads\/2026\/03\/Image1-400x250.png\" alt=\"Link in Bio per Instagram, TikTok e YouTube: Tutto quello che Ti Serve (2026)\" class=\"\" srcset=\"https:\/\/linkvista.me\/wp-content\/uploads\/2026\/03\/Image1.png 479w, https:\/\/linkvista.me\/wp-content\/uploads\/2026\/03\/Image1-400x250.png 480w \" sizes=\"(max-width:479px) 479px, 100vw \"  width=\"400\" height=\"250\" \/><\/a><\/div>\n\t\t\t\t\t\t\t\t\t\t\t\t\t\t<h2 class=\"entry-title\">\n\t\t\t\t\t\t\t\t\t\t\t\t\t<a href=\"https:\/\/linkvista.me\/it\/link-in-bio-per-instagram-tiktok-e-youtube-tutto-quello-che-ti-serve-2026\/\">Link in Bio per Instagram, TikTok e YouTube: Tutto quello che Ti Serve (2026)<\/a>\n\t\t\t\t\t\t\t\t\t\t\t<\/h2>\n\t\t\t\t\n\t\t\t\t\t<p class=\"post-meta\"><span class=\"published\">Mar 23, 2026<\/span><\/p><div class=\"post-content\"><div class=\"post-content-inner\"><p>Guida completa al link in bio per Instagram, TikTok e YouTube nel 2026. Una sola pagina per tutte le tue piattaforme. Strumento gratuito incluso.<\/p>\n<\/div><\/div>\t\t\t\n\t\t\t<\/article>\n\t\t\t\t\n\t\t\t<article id=\"post-999968\" class=\"et_pb_post clearfix et_pb_blog_item_0_3 post-999968 post type-post status-publish format-standard has-post-thumbnail hentry category-social-media category-tutorial\">\n\n\t\t\t\t<div class=\"et_pb_image_container\"><a href=\"https:\/\/linkvista.me\/it\/come-mettere-piu-link-nella-bio-di-instagram-guida-2026\/\" class=\"entry-featured-image-url\"><img loading=\"lazy\" decoding=\"async\" src=\"https:\/\/linkvista.me\/wp-content\/uploads\/2026\/03\/linkvista_blog_cover_instagram_links.svg\" alt=\"Come Mettere Pi\u00f9 Link nella Bio di Instagram (Guida 2026)\" class=\"\" srcset=\"https:\/\/linkvista.me\/wp-content\/uploads\/2026\/03\/linkvista_blog_cover_instagram_links.svg 479w, https:\/\/linkvista.me\/wp-content\/uploads\/2026\/03\/linkvista_blog_cover_instagram_links.svg 480w \" sizes=\"(max-width:479px) 479px, 100vw \"  width=\"400\" height=\"250\" \/><\/a><\/div>\n\t\t\t\t\t\t\t\t\t\t\t\t\t\t<h2 class=\"entry-title\">\n\t\t\t\t\t\t\t\t\t\t\t\t\t<a href=\"https:\/\/linkvista.me\/it\/come-mettere-piu-link-nella-bio-di-instagram-guida-2026\/\">Come Mettere Pi\u00f9 Link nella Bio di Instagram (Guida 2026)<\/a>\n\t\t\t\t\t\t\t\t\t\t\t<\/h2>\n\t\t\t\t\n\t\t\t\t\t<p class=\"post-meta\"><span class=\"published\">Mar 21, 2026<\/span><\/p><div class=\"post-content\"><div class=\"post-content-inner\"><p>Instagram consente solo un link cliccabile nella bio. Se sei un creator, musicista, imprenditore o influencer, questo unico link diventa rapidamente un limite \u2014 vuoi condividere il tuo YouTube, il tuo negozio, la tua newsletter, il tuo ultimo progetto, tutto allo...<\/p>\n<\/div><\/div>\t\t\t\n\t\t\t<\/article>\n\t\t\t\t<\/div><div><div class=\"pagination clearfix\">\n\t<div class=\"alignleft\"><\/div>\n\t<div class=\"alignright\"><\/div>\n<\/div><\/div><\/div>\n\t\t\t\t\t<\/div>\n\t\t\t\t\t \n\t\t\t\t<\/div>\n\t\t\t<\/div>\n\t\t\t\t\n\t\t\t\t\n\t\t\t\t\n\t\t\t\t\n\t\t\t<\/div>\n\t\t\t\t\n\t\t\t\t\n\t\t\t<\/div><div class=\"et_d4_element et_pb_section et_pb_section_2 et_pb_with_background  et_pb_css_mix_blend_mode et_section_regular et_block_section\" >\n\t\t\t\t\n\t\t\t\t\n\t\t\t\t\n\t\t\t\t\n\t\t\t\t\n\t\t\t\t\n\t\t\t\t<div class=\"et_d4_element et_pb_row et_pb_row_3  et_pb_css_mix_blend_mode et_block_row\">\n\t\t\t\t<div class=\"et_d4_element et_pb_column_4_4 et_pb_column et_pb_column_3  et_pb_css_mix_blend_mode et-last-child et_block_column et_pb_column_empty\">\n\t\t\t\t\n\t\t\t\t\n\t\t\t\t\n\t\t\t\t\n\t\t\t\t\n\t\t\t<\/div>\n\t\t\t\t\n\t\t\t\t\n\t\t\t\t\n\t\t\t\t\n\t\t\t<\/div>\n\t\t\t\t\n\t\t\t\t\n\t\t\t<\/div><\/p>\n","protected":false},"excerpt":{"rendered":"","protected":false},"author":1,"featured_media":0,"parent":0,"menu_order":77,"comment_status":"closed","ping_status":"closed","template":"","meta":{"_et_pb_use_builder":"on","_et_pb_old_content":"","_et_gb_content_width":"","footnotes":""},"class_list":["post-999983","page","type-page","status-publish","hentry"],"jetpack_sharing_enabled":true,"_links":{"self":[{"href":"https:\/\/linkvista.me\/it\/wp-json\/wp\/v2\/pages\/999983","targetHints":{"allow":["GET"]}}],"collection":[{"href":"https:\/\/linkvista.me\/it\/wp-json\/wp\/v2\/pages"}],"about":[{"href":"https:\/\/linkvista.me\/it\/wp-json\/wp\/v2\/types\/page"}],"author":[{"embeddable":true,"href":"https:\/\/linkvista.me\/it\/wp-json\/wp\/v2\/users\/1"}],"replies":[{"embeddable":true,"href":"https:\/\/linkvista.me\/it\/wp-json\/wp\/v2\/comments?post=999983"}],"version-history":[{"count":1,"href":"https:\/\/linkvista.me\/it\/wp-json\/wp\/v2\/pages\/999983\/revisions"}],"predecessor-version":[{"id":999984,"href":"https:\/\/linkvista.me\/it\/wp-json\/wp\/v2\/pages\/999983\/revisions\/999984"}],"wp:attachment":[{"href":"https:\/\/linkvista.me\/it\/wp-json\/wp\/v2\/media?parent=999983"}],"curies":[{"name":"wp","href":"https:\/\/api.w.org\/{rel}","templated":true}]}}