{"id":999986,"date":"2026-03-21T16:13:48","date_gmt":"2026-03-21T16:13:48","guid":{"rendered":"https:\/\/linkvista.me\/blog\/"},"modified":"2026-03-21T16:26:54","modified_gmt":"2026-03-21T16:26:54","slug":"blog","status":"publish","type":"page","link":"https:\/\/linkvista.me\/pt-br\/blog\/","title":{"rendered":"Blog"},"content":{"rendered":"<p><div class=\"et_d4_element et_pb_section et_pb_section_0 et_pb_with_background  et_pb_css_mix_blend_mode et_section_regular et_block_section\" >\n\t\t\t\t\n\t\t\t\t\n\t\t\t\t\n\t\t\t\t\n\t\t\t\t\n\t\t\t\t\n\t\t\t\t<div class=\"et_d4_element et_pb_row et_pb_row_0  et_pb_css_mix_blend_mode et_block_row\">\n\t\t\t\t<div class=\"et_d4_element et_pb_column_4_4 et_pb_column et_pb_column_0  et_pb_css_mix_blend_mode et-last-child et_block_column\">\n\t\t\t\t\n\t\t\t\t\n\t\t\t\t\n\t\t\t\t\n\t\t\t\t<div class=\"et_pb_module et_d4_element et_pb_text et_pb_text_0  et_pb_text_align_center et_pb_bg_layout_light\">\n\t\t\t\t\n\t\t\t\t\n\t\t\t\t\n\t\t\t\t\n\t\t\t\t<div class=\"et_pb_text_inner\"><h1>Blog<\/h1><\/div>\n\t\t\t<\/div>\n\t\t\t<\/div>\n\t\t\t\t\n\t\t\t\t\n\t\t\t\t\n\t\t\t\t\n\t\t\t<\/div><div class=\"et_d4_element et_pb_row et_pb_row_1  et_pb_css_mix_blend_mode et_block_row\">\n\t\t\t\t<div class=\"et_d4_element et_pb_column_4_4 et_pb_column et_pb_column_1  et_pb_css_mix_blend_mode et-last-child et_block_column\">\n\t\t\t\t\n\t\t\t\t\n\t\t\t\t\n\t\t\t\t\n\t\t\t\t<div class=\"et_pb_module et_d4_element et_pb_post_slider et_pb_post_slider_0  et_pb_css_mix_blend_mode et_pb_slider et_pb_post_slider_image_left et_pb_slider_fullwidth_off et_pb_slider_with_overlay\">\n\t\t\t\t\n\t\t\t\t\n\t\t\t\t\n\t\t\t\t\n\t\t\t\t<div class=\"et_pb_slides\">\n\t\t\t\t\t\t\t\t\t<div class=\"et_pb_slide et_pb_slide_with_image et_pb_media_alignment_center et_pb_bg_layout_dark et_pb_post_slide-1000090\"  >\n\t\t\t\t\t\t\t\t\t\t\t\t\t<div class=\"et_pb_slide_overlay_container\"><\/div>\n\t\t\t\t\t\t\t\t<div class=\"et_pb_container clearfix\">\n\t\t\t\t\t<div class=\"et_pb_slider_container_inner\">\n\t\t\t\t\t\t\t\t\t\t\t\t\t<div class=\"et_pb_slide_image\">\n\t\t\t\t\t\t\t\t<img loading=\"lazy\" decoding=\"async\" width=\"1200\" height=\"630\" src=\"https:\/\/linkvista.me\/wp-content\/uploads\/2026\/04\/influencer-cover.png\" class=\"attachment-post-thumbnail size-post-thumbnail wp-post-image\" alt=\"Best Link in Bio Tool for Influencers 2026 \u2014 LinkVista\" srcset=\"https:\/\/linkvista.me\/wp-content\/uploads\/2026\/04\/influencer-cover.png 1200w, https:\/\/linkvista.me\/wp-content\/uploads\/2026\/04\/influencer-cover-980x515.png 980w, https:\/\/linkvista.me\/wp-content\/uploads\/2026\/04\/influencer-cover-480x252.png 480w\" sizes=\"(min-width: 0px) and (max-width: 480px) 480px, (min-width: 481px) and (max-width: 980px) 980px, (min-width: 981px) 1200px, 100vw\" \/>\t\t\t\t\t\t\t<\/div>\n\t\t\t\t\t\t\t\t\t\t\t\t<div class=\"et_pb_slide_description\">\n\t\t\t\t\t\t\t\t\t\t\t\t\t\t\t<h2 class=\"et_pb_slide_title\"><a href=\"https:\/\/linkvista.me\/pt-br\/melhor-ferramenta-link-bio-influencers-2026\/\">Melhor Ferramenta Link na Bio para Influencers em 2026 (Compara\u00e7\u00e3o Honesta)<\/a><\/h2>\n\t\t\t\t\t\t\t\t<div class=\"et_pb_slide_content\n\t\t\t\t\t\t\t\t\t\t\t\t\t\t\t\t\">\n\t\t\t\t\t\t\t\t\t<p class=\"post-meta\">por <span class=\"author vcard\"><a href=\"https:\/\/linkvista.me\/pt-br\/author\/cavetech\/\" title=\"Posts de cavetech\" rel=\"author\">cavetech<\/a><\/span> | <span class=\"published\">abril 2, 2026<\/span> | <a href=\"https:\/\/linkvista.me\/category\/comparisons\/\" rel=\"category tag\">Comparisons<\/a>, <a href=\"https:\/\/linkvista.me\/category\/creator-tools\/\" rel=\"category tag\">Creator Tools<\/a> | 0 Coment\u00e1rios<\/p><div><p>Qual \u00e9 a melhor ferramenta de link na bio para influencers em 2026? Compara\u00e7\u00e3o completa de recursos, pre\u00e7os e facilidade de uso.<\/p>\n<\/div>\t\t\t\t\t\t\t\t<\/div>\n\t\t\t\t\t\t\t\t\t\t\t\t\t\t<div class=\"et_pb_button_wrapper\"><a class=\"et_pb_button et_pb_more_button\" href=\"https:\/\/linkvista.me\/pt-br\/melhor-ferramenta-link-bio-influencers-2026\/\">Leia mais<\/a><\/div>\t\t\t\t\t\t<\/div>\n\t\t\t\t\t\t\t\t\t\t\t<\/div>\n\t\t\t\t<\/div>\n\t\t\t<\/div>\n\t\t\t\t\t\t\t\t<div class=\"et_pb_slide et_pb_slide_with_image et_pb_media_alignment_center et_pb_bg_layout_dark et_pb_post_slide-1000064\"  >\n\t\t\t\t\t\t\t\t\t\t\t\t\t<div class=\"et_pb_slide_overlay_container\"><\/div>\n\t\t\t\t\t\t\t\t<div class=\"et_pb_container clearfix\">\n\t\t\t\t\t<div class=\"et_pb_slider_container_inner\">\n\t\t\t\t\t\t\t\t\t\t\t\t\t<div class=\"et_pb_slide_image\">\n\t\t\t\t\t\t\t\t<img loading=\"lazy\" decoding=\"async\" width=\"1200\" height=\"630\" src=\"https:\/\/linkvista.me\/wp-content\/uploads\/2026\/03\/cover.png\" class=\"attachment-post-thumbnail size-post-thumbnail wp-post-image\" alt=\"Como os maiores influencers do Brasil gerenciam seus links \u2014 LinkVista\" srcset=\"https:\/\/linkvista.me\/wp-content\/uploads\/2026\/03\/cover.png 1200w, https:\/\/linkvista.me\/wp-content\/uploads\/2026\/03\/cover-980x515.png 980w, https:\/\/linkvista.me\/wp-content\/uploads\/2026\/03\/cover-480x252.png 480w\" sizes=\"(min-width: 0px) and (max-width: 480px) 480px, (min-width: 481px) and (max-width: 980px) 980px, (min-width: 981px) 1200px, 100vw\" \/>\t\t\t\t\t\t\t<\/div>\n\t\t\t\t\t\t\t\t\t\t\t\t<div class=\"et_pb_slide_description\">\n\t\t\t\t\t\t\t\t\t\t\t\t\t\t\t<h2 class=\"et_pb_slide_title\"><a href=\"https:\/\/linkvista.me\/pt-br\/como-influencers-brasil-gerenciam-links\/\">Como os Maiores Influencers do Brasil Gerenciam Seus Links (e Como Voc\u00ea Pode Fazer o Mesmo Hoje, de Gra\u00e7a)<\/a><\/h2>\n\t\t\t\t\t\t\t\t<div class=\"et_pb_slide_content\n\t\t\t\t\t\t\t\t\t\t\t\t\t\t\t\t\">\n\t\t\t\t\t\t\t\t\t<p class=\"post-meta\">por <span class=\"author vcard\"><a href=\"https:\/\/linkvista.me\/pt-br\/author\/cavetech\/\" title=\"Posts de cavetech\" rel=\"author\">cavetech<\/a><\/span> | <span class=\"published\">mar\u00e7o 27, 2026<\/span> | <a href=\"https:\/\/linkvista.me\/category\/creator-tools\/\" rel=\"category tag\">Creator Tools<\/a>, <a href=\"https:\/\/linkvista.me\/category\/tutorials\/\" rel=\"category tag\">Tutorials<\/a> | 0 Coment\u00e1rios<\/p><div><p>Descubra como os maiores criadores de conte\u00fado do Brasil gerenciam todos os seus links em um s\u00f3 lugar \u2014 e como voc\u00ea pode fazer o mesmo, de gra\u00e7a, em 5 minutos.<\/p>\n<\/div>\t\t\t\t\t\t\t\t<\/div>\n\t\t\t\t\t\t\t\t\t\t\t\t\t\t<div class=\"et_pb_button_wrapper\"><a class=\"et_pb_button et_pb_more_button\" href=\"https:\/\/linkvista.me\/pt-br\/como-influencers-brasil-gerenciam-links\/\">Leia mais<\/a><\/div>\t\t\t\t\t\t<\/div>\n\t\t\t\t\t\t\t\t\t\t\t<\/div>\n\t\t\t\t<\/div>\n\t\t\t<\/div>\n\t\t\t\t\t\t\t\t<div class=\"et_pb_slide et_pb_slide_with_image et_pb_media_alignment_center et_pb_bg_layout_dark et_pb_post_slide-1000033\"  >\n\t\t\t\t\t\t\t\t\t\t\t\t\t<div class=\"et_pb_slide_overlay_container\"><\/div>\n\t\t\t\t\t\t\t\t<div class=\"et_pb_container clearfix\">\n\t\t\t\t\t<div class=\"et_pb_slider_container_inner\">\n\t\t\t\t\t\t\t\t\t\t\t\t\t<div class=\"et_pb_slide_image\">\n\t\t\t\t\t\t\t\t<img loading=\"lazy\" decoding=\"async\" width=\"620\" height=\"325\" src=\"https:\/\/linkvista.me\/wp-content\/uploads\/2026\/03\/Image1.png\" class=\"attachment-post-thumbnail size-post-thumbnail wp-post-image\" alt=\"\" srcset=\"https:\/\/linkvista.me\/wp-content\/uploads\/2026\/03\/Image1.png 620w, https:\/\/linkvista.me\/wp-content\/uploads\/2026\/03\/Image1-480x252.png 480w\" sizes=\"(min-width: 0px) and (max-width: 480px) 480px, (min-width: 481px) 620px, 100vw\" \/>\t\t\t\t\t\t\t<\/div>\n\t\t\t\t\t\t\t\t\t\t\t\t<div class=\"et_pb_slide_description\">\n\t\t\t\t\t\t\t\t\t\t\t\t\t\t\t<h2 class=\"et_pb_slide_title\"><a href=\"https:\/\/linkvista.me\/pt-br\/link-na-bio-para-instagram-tiktok-e-youtube-tudo-o-que-voce-precisa-2026\/\">Link na Bio para Instagram, TikTok e YouTube: Tudo o que Voc\u00ea Precisa (2026)<\/a><\/h2>\n\t\t\t\t\t\t\t\t<div class=\"et_pb_slide_content\n\t\t\t\t\t\t\t\t\t\t\t\t\t\t\t\t\">\n\t\t\t\t\t\t\t\t\t<p class=\"post-meta\">por <span class=\"author vcard\"><a href=\"https:\/\/linkvista.me\/pt-br\/author\/cavetech\/\" title=\"Posts de cavetech\" rel=\"author\">cavetech<\/a><\/span> | <span class=\"published\">mar\u00e7o 23, 2026<\/span> | <a href=\"https:\/\/linkvista.me\/category\/tutorials\/\" rel=\"category tag\">Tutorials<\/a> | 0 Coment\u00e1rios<\/p><div><p>Guia completo do link na bio para Instagram, TikTok e YouTube em 2026. Uma p\u00e1gina para todas as suas plataformas. Ferramenta gratuita inclu\u00edda.<\/p>\n<\/div>\t\t\t\t\t\t\t\t<\/div>\n\t\t\t\t\t\t\t\t\t\t\t\t\t\t<div class=\"et_pb_button_wrapper\"><a class=\"et_pb_button et_pb_more_button\" href=\"https:\/\/linkvista.me\/pt-br\/link-na-bio-para-instagram-tiktok-e-youtube-tudo-o-que-voce-precisa-2026\/\">Leia mais<\/a><\/div>\t\t\t\t\t\t<\/div>\n\t\t\t\t\t\t\t\t\t\t\t<\/div>\n\t\t\t\t<\/div>\n\t\t\t<\/div>\n\t\t\t\t\t\t\t\t<div class=\"et_pb_slide et_pb_slide_with_image et_pb_media_alignment_center et_pb_bg_layout_dark et_pb_post_slide-999972\"  >\n\t\t\t\t\t\t\t\t\t\t\t\t\t<div class=\"et_pb_slide_overlay_container\"><\/div>\n\t\t\t\t\t\t\t\t<div class=\"et_pb_container clearfix\">\n\t\t\t\t\t<div class=\"et_pb_slider_container_inner\">\n\t\t\t\t\t\t\t\t\t\t\t\t\t<div class=\"et_pb_slide_image\">\n\t\t\t\t\t\t\t\t<img decoding=\"async\" src=\"https:\/\/linkvista.me\/wp-content\/uploads\/2026\/03\/linkvista_blog_cover_instagram_links.svg\" class=\"attachment-post-thumbnail size-post-thumbnail wp-post-image\" alt=\"\" \/>\t\t\t\t\t\t\t<\/div>\n\t\t\t\t\t\t\t\t\t\t\t\t<div class=\"et_pb_slide_description\">\n\t\t\t\t\t\t\t\t\t\t\t\t\t\t\t<h2 class=\"et_pb_slide_title\"><a href=\"https:\/\/linkvista.me\/pt-br\/como-colocar-varios-links-na-bio-do-instagram-guia-2026\/\">Como Colocar V\u00e1rios Links na Bio do Instagram (Guia 2026)<\/a><\/h2>\n\t\t\t\t\t\t\t\t<div class=\"et_pb_slide_content\n\t\t\t\t\t\t\t\t\t\t\t\t\t\t\t\t\">\n\t\t\t\t\t\t\t\t\t<p class=\"post-meta\">por <span class=\"author vcard\"><a href=\"https:\/\/linkvista.me\/pt-br\/author\/cavetech\/\" title=\"Posts de cavetech\" rel=\"author\">cavetech<\/a><\/span> | <span class=\"published\">mar\u00e7o 21, 2026<\/span> | <a href=\"https:\/\/linkvista.me\/pt-br\/category\/redes-sociais\/\" rel=\"category tag\">Redes Sociais<\/a>, <a href=\"https:\/\/linkvista.me\/pt-br\/category\/tutoriais\/\" rel=\"category tag\">Tutoriais<\/a> | 0 Coment\u00e1rios<\/p><div>O Instagram permite apenas um link clic\u00e1vel na bio. Se voc\u00ea \u00e9 criador de conte\u00fado, m\u00fasico, empreendedor ou influenciador, esse \u00fanico link rapidamente se torna um obst\u00e1culo \u2014 voc\u00ea quer compartilhar seu YouTube, sua loja, sua newsletter, seu novo projeto, tudo ao mesmo...<\/div>\t\t\t\t\t\t\t\t<\/div>\n\t\t\t\t\t\t\t\t\t\t\t\t\t\t<div class=\"et_pb_button_wrapper\"><a class=\"et_pb_button et_pb_more_button\" href=\"https:\/\/linkvista.me\/pt-br\/como-colocar-varios-links-na-bio-do-instagram-guia-2026\/\">Leia mais<\/a><\/div>\t\t\t\t\t\t<\/div>\n\t\t\t\t\t\t\t\t\t\t\t<\/div>\n\t\t\t\t<\/div>\n\t\t\t<\/div>\n\t\t\t\t\n\t\t\t\t<\/div>\n\t\t\t\t\n\t\t\t<\/div>\n\t\t\t\n\t\t\t<\/div>\n\t\t\t\t\n\t\t\t\t\n\t\t\t\t\n\t\t\t\t\n\t\t\t<\/div>\n\t\t\t\t\n\t\t\t\t\n\t\t\t<\/div><div class=\"et_d4_element et_pb_section et_pb_section_1 et_pb_with_background  et_pb_css_mix_blend_mode et_section_regular et_block_section\" >\n\t\t\t\t\n\t\t\t\t\n\t\t\t\t\n\t\t\t\t\n\t\t\t\t\n\t\t\t\t\n\t\t\t\t<div class=\"et_d4_element et_pb_row et_pb_row_2  et_pb_css_mix_blend_mode et_block_row\">\n\t\t\t\t<div class=\"et_d4_element et_pb_column_4_4 et_pb_column et_pb_column_2  et_pb_css_mix_blend_mode et-last-child et_block_column\">\n\t\t\t\t\n\t\t\t\t\n\t\t\t\t\n\t\t\t\t\n\t\t\t\t<div class=\"et_pb_with_border et_pb_module et_d4_element et_pb_blog_0  et_pb_css_mix_blend_mode et_pb_blog_grid_wrapper et_pb_bg_layout_light\">\n\t\t\t\t\t<div class=\"et_pb_blog_grid clearfix \">\n\t\t\t\t\t\n\t\t\t\t\t\n\t\t\t\t\t\n\t\t\t\t\t\n\t\t\t\t\t<div class=\"et_pb_ajax_pagination_container\">\n\t\t\t\t\t\t<div class=\"et_pb_salvattore_content\" data-columns>\n\t\t\t<article id=\"post-1000090\" class=\"et_pb_post clearfix et_pb_blog_item_0_0 post-1000090 post type-post status-publish format-standard has-post-thumbnail hentry category-comparisons category-creator-tools\">\n\n\t\t\t\t<div class=\"et_pb_image_container\"><a href=\"https:\/\/linkvista.me\/pt-br\/melhor-ferramenta-link-bio-influencers-2026\/\" class=\"entry-featured-image-url\"><img loading=\"lazy\" decoding=\"async\" src=\"https:\/\/linkvista.me\/wp-content\/uploads\/2026\/04\/influencer-cover-400x250.png\" alt=\"Melhor Ferramenta Link na Bio para Influencers em 2026 (Compara\u00e7\u00e3o Honesta)\" class=\"\" srcset=\"https:\/\/linkvista.me\/wp-content\/uploads\/2026\/04\/influencer-cover.png 479w, https:\/\/linkvista.me\/wp-content\/uploads\/2026\/04\/influencer-cover-400x250.png 480w \" sizes=\"(max-width:479px) 479px, 100vw \"  width=\"400\" height=\"250\" \/><\/a><\/div>\n\t\t\t\t\t\t\t\t\t\t\t\t\t\t<h2 class=\"entry-title\">\n\t\t\t\t\t\t\t\t\t\t\t\t\t<a href=\"https:\/\/linkvista.me\/pt-br\/melhor-ferramenta-link-bio-influencers-2026\/\">Melhor Ferramenta Link na Bio para Influencers em 2026 (Compara\u00e7\u00e3o Honesta)<\/a>\n\t\t\t\t\t\t\t\t\t\t\t<\/h2>\n\t\t\t\t\n\t\t\t\t\t<p class=\"post-meta\"><span class=\"published\">abr 2, 2026<\/span><\/p><div class=\"post-content\"><div class=\"post-content-inner\"><p>Qual \u00e9 a melhor ferramenta de link na bio para influencers em 2026? Compara\u00e7\u00e3o completa de recursos, pre\u00e7os e facilidade de uso.<\/p>\n<\/div><\/div>\t\t\t\n\t\t\t<\/article>\n\t\t\t\t\n\t\t\t<article id=\"post-1000064\" class=\"et_pb_post clearfix et_pb_blog_item_0_1 post-1000064 post type-post status-publish format-standard has-post-thumbnail hentry category-creator-tools category-tutorials\">\n\n\t\t\t\t<div class=\"et_pb_image_container\"><a href=\"https:\/\/linkvista.me\/pt-br\/como-influencers-brasil-gerenciam-links\/\" class=\"entry-featured-image-url\"><img loading=\"lazy\" decoding=\"async\" src=\"https:\/\/linkvista.me\/wp-content\/uploads\/2026\/03\/cover-400x250.png\" alt=\"Como os Maiores Influencers do Brasil Gerenciam Seus Links (e Como Voc\u00ea Pode Fazer o Mesmo Hoje, de Gra\u00e7a)\" class=\"\" srcset=\"https:\/\/linkvista.me\/wp-content\/uploads\/2026\/03\/cover.png 479w, https:\/\/linkvista.me\/wp-content\/uploads\/2026\/03\/cover-400x250.png 480w \" sizes=\"(max-width:479px) 479px, 100vw \"  width=\"400\" height=\"250\" \/><\/a><\/div>\n\t\t\t\t\t\t\t\t\t\t\t\t\t\t<h2 class=\"entry-title\">\n\t\t\t\t\t\t\t\t\t\t\t\t\t<a href=\"https:\/\/linkvista.me\/pt-br\/como-influencers-brasil-gerenciam-links\/\">Como os Maiores Influencers do Brasil Gerenciam Seus Links (e Como Voc\u00ea Pode Fazer o Mesmo Hoje, de Gra\u00e7a)<\/a>\n\t\t\t\t\t\t\t\t\t\t\t<\/h2>\n\t\t\t\t\n\t\t\t\t\t<p class=\"post-meta\"><span class=\"published\">mar 27, 2026<\/span><\/p><div class=\"post-content\"><div class=\"post-content-inner\"><p>Descubra como os maiores criadores de conte\u00fado do Brasil gerenciam todos os seus links em um s\u00f3 lugar \u2014 e como voc\u00ea pode fazer o mesmo, de gra\u00e7a, em 5 minutos.<\/p>\n<\/div><\/div>\t\t\t\n\t\t\t<\/article>\n\t\t\t\t\n\t\t\t<article id=\"post-1000033\" class=\"et_pb_post clearfix et_pb_blog_item_0_2 post-1000033 post type-post status-publish format-standard has-post-thumbnail hentry category-tutorials\">\n\n\t\t\t\t<div class=\"et_pb_image_container\"><a href=\"https:\/\/linkvista.me\/pt-br\/link-na-bio-para-instagram-tiktok-e-youtube-tudo-o-que-voce-precisa-2026\/\" class=\"entry-featured-image-url\"><img loading=\"lazy\" decoding=\"async\" src=\"https:\/\/linkvista.me\/wp-content\/uploads\/2026\/03\/Image1-400x250.png\" alt=\"Link na Bio para Instagram, TikTok e YouTube: Tudo o que Voc\u00ea Precisa (2026)\" class=\"\" srcset=\"https:\/\/linkvista.me\/wp-content\/uploads\/2026\/03\/Image1.png 479w, https:\/\/linkvista.me\/wp-content\/uploads\/2026\/03\/Image1-400x250.png 480w \" sizes=\"(max-width:479px) 479px, 100vw \"  width=\"400\" height=\"250\" \/><\/a><\/div>\n\t\t\t\t\t\t\t\t\t\t\t\t\t\t<h2 class=\"entry-title\">\n\t\t\t\t\t\t\t\t\t\t\t\t\t<a href=\"https:\/\/linkvista.me\/pt-br\/link-na-bio-para-instagram-tiktok-e-youtube-tudo-o-que-voce-precisa-2026\/\">Link na Bio para Instagram, TikTok e YouTube: Tudo o que Voc\u00ea Precisa (2026)<\/a>\n\t\t\t\t\t\t\t\t\t\t\t<\/h2>\n\t\t\t\t\n\t\t\t\t\t<p class=\"post-meta\"><span class=\"published\">mar 23, 2026<\/span><\/p><div class=\"post-content\"><div class=\"post-content-inner\"><p>Guia completo do link na bio para Instagram, TikTok e YouTube em 2026. Uma p\u00e1gina para todas as suas plataformas. Ferramenta gratuita inclu\u00edda.<\/p>\n<\/div><\/div>\t\t\t\n\t\t\t<\/article>\n\t\t\t\t\n\t\t\t<article id=\"post-999972\" class=\"et_pb_post clearfix et_pb_blog_item_0_3 post-999972 post type-post status-publish format-standard has-post-thumbnail hentry category-redes-sociais category-tutoriais\">\n\n\t\t\t\t<div class=\"et_pb_image_container\"><a href=\"https:\/\/linkvista.me\/pt-br\/como-colocar-varios-links-na-bio-do-instagram-guia-2026\/\" class=\"entry-featured-image-url\"><img loading=\"lazy\" decoding=\"async\" src=\"https:\/\/linkvista.me\/wp-content\/uploads\/2026\/03\/linkvista_blog_cover_instagram_links.svg\" alt=\"Como Colocar V\u00e1rios Links na Bio do Instagram (Guia 2026)\" class=\"\" srcset=\"https:\/\/linkvista.me\/wp-content\/uploads\/2026\/03\/linkvista_blog_cover_instagram_links.svg 479w, https:\/\/linkvista.me\/wp-content\/uploads\/2026\/03\/linkvista_blog_cover_instagram_links.svg 480w \" sizes=\"(max-width:479px) 479px, 100vw \"  width=\"400\" height=\"250\" \/><\/a><\/div>\n\t\t\t\t\t\t\t\t\t\t\t\t\t\t<h2 class=\"entry-title\">\n\t\t\t\t\t\t\t\t\t\t\t\t\t<a href=\"https:\/\/linkvista.me\/pt-br\/como-colocar-varios-links-na-bio-do-instagram-guia-2026\/\">Como Colocar V\u00e1rios Links na Bio do Instagram (Guia 2026)<\/a>\n\t\t\t\t\t\t\t\t\t\t\t<\/h2>\n\t\t\t\t\n\t\t\t\t\t<p class=\"post-meta\"><span class=\"published\">mar 21, 2026<\/span><\/p><div class=\"post-content\"><div class=\"post-content-inner\"><p>O Instagram permite apenas um link clic\u00e1vel na bio. Se voc\u00ea \u00e9 criador de conte\u00fado, m\u00fasico, empreendedor ou influenciador, esse \u00fanico link rapidamente se torna um obst\u00e1culo \u2014 voc\u00ea quer compartilhar seu YouTube, sua loja, sua newsletter, seu novo projeto, tudo ao mesmo...<\/p>\n<\/div><\/div>\t\t\t\n\t\t\t<\/article>\n\t\t\t\t<\/div><div><div class=\"pagination clearfix\">\n\t<div class=\"alignleft\"><\/div>\n\t<div class=\"alignright\"><\/div>\n<\/div><\/div><\/div>\n\t\t\t\t\t<\/div>\n\t\t\t\t\t \n\t\t\t\t<\/div>\n\t\t\t<\/div>\n\t\t\t\t\n\t\t\t\t\n\t\t\t\t\n\t\t\t\t\n\t\t\t<\/div>\n\t\t\t\t\n\t\t\t\t\n\t\t\t<\/div><div class=\"et_d4_element et_pb_section et_pb_section_2 et_pb_with_background  et_pb_css_mix_blend_mode et_section_regular et_block_section\" >\n\t\t\t\t\n\t\t\t\t\n\t\t\t\t\n\t\t\t\t\n\t\t\t\t\n\t\t\t\t\n\t\t\t\t<div class=\"et_d4_element et_pb_row et_pb_row_3  et_pb_css_mix_blend_mode et_block_row\">\n\t\t\t\t<div class=\"et_d4_element et_pb_column_4_4 et_pb_column et_pb_column_3  et_pb_css_mix_blend_mode et-last-child et_block_column et_pb_column_empty\">\n\t\t\t\t\n\t\t\t\t\n\t\t\t\t\n\t\t\t\t\n\t\t\t\t\n\t\t\t<\/div>\n\t\t\t\t\n\t\t\t\t\n\t\t\t\t\n\t\t\t\t\n\t\t\t<\/div>\n\t\t\t\t\n\t\t\t\t\n\t\t\t<\/div><\/p>\n","protected":false},"excerpt":{"rendered":"","protected":false},"author":1,"featured_media":0,"parent":0,"menu_order":77,"comment_status":"closed","ping_status":"closed","template":"","meta":{"_et_pb_use_builder":"on","_et_pb_old_content":"","_et_gb_content_width":"","footnotes":""},"class_list":["post-999986","page","type-page","status-publish","hentry"],"jetpack_sharing_enabled":true,"_links":{"self":[{"href":"https:\/\/linkvista.me\/pt-br\/wp-json\/wp\/v2\/pages\/999986","targetHints":{"allow":["GET"]}}],"collection":[{"href":"https:\/\/linkvista.me\/pt-br\/wp-json\/wp\/v2\/pages"}],"about":[{"href":"https:\/\/linkvista.me\/pt-br\/wp-json\/wp\/v2\/types\/page"}],"author":[{"embeddable":true,"href":"https:\/\/linkvista.me\/pt-br\/wp-json\/wp\/v2\/users\/1"}],"replies":[{"embeddable":true,"href":"https:\/\/linkvista.me\/pt-br\/wp-json\/wp\/v2\/comments?post=999986"}],"version-history":[{"count":1,"href":"https:\/\/linkvista.me\/pt-br\/wp-json\/wp\/v2\/pages\/999986\/revisions"}],"predecessor-version":[{"id":999987,"href":"https:\/\/linkvista.me\/pt-br\/wp-json\/wp\/v2\/pages\/999986\/revisions\/999987"}],"wp:attachment":[{"href":"https:\/\/linkvista.me\/pt-br\/wp-json\/wp\/v2\/media?parent=999986"}],"curies":[{"name":"wp","href":"https:\/\/api.w.org\/{rel}","templated":true}]}}